{"id":10,"date":"2020-12-06T07:52:39","date_gmt":"2020-12-06T07:52:39","guid":{"rendered":"http:\/\/mamaherz.ch\/?page_id=10"},"modified":"2021-01-13T19:54:43","modified_gmt":"2021-01-13T19:54:43","slug":"ueber-mich","status":"publish","type":"page","link":"https:\/\/mamaherz.ch\/?page_id=10","title":{"rendered":"\u00dcber mich"},"content":{"rendered":"<p>[et_pb_section fb_built=&#187;1&#8243; _builder_version=&#187;4.7.7&#8243; _module_preset=&#187;default&#187; min_height=&#187;846px&#187; custom_margin=&#187;-50px||||false|false&#187; hover_enabled=&#187;0&#8243; sticky_enabled=&#187;0&#8243; custom_padding=&#187;0px|||||&#187;][et_pb_row _builder_version=&#187;4.7.7&#8243; _module_preset=&#187;default&#187; column_structure=&#187;1_2,1_2&#8243; custom_padding=&#187;0px|||||&#187; custom_margin=&#187;32px|auto||auto||&#187;][et_pb_column _builder_version=&#187;4.7.7&#8243; _module_preset=&#187;default&#187; type=&#187;1_2&#8243;][et_pb_image src=&#187;http:\/\/mamaherz.ch\/wp-content\/uploads\/2021\/01\/5dbc504ec2cf0.jpg&#187; _builder_version=&#187;4.7.7&#8243; _module_preset=&#187;default&#187; title_text=&#187;5dbc504ec2cf0&#8243; hover_enabled=&#187;0&#8243; sticky_enabled=&#187;0&#8243;][\/et_pb_image][\/et_pb_column][et_pb_column _builder_version=&#187;4.7.7&#8243; _module_preset=&#187;default&#187; type=&#187;1_2&#8243;][et_pb_text _builder_version=&#187;4.7.7&#8243; _module_preset=&#187;default&#187; hover_enabled=&#187;0&#8243; sticky_enabled=&#187;0&#8243;][\/et_pb_text][et_pb_team_member name=&#187;Valentina Meier&#187; position=&#187;Mama von 2 M\u00e4dchen,\u00a0 Tagesmutter,\u00a0 Stillbegleiterin DAIS,\u00a0 Trageberaterin der Trageschule Schweiz,\u00a0 Doula in Ausbildung bei Malea lin&#187; _builder_version=&#187;4.7.7&#8243; _module_preset=&#187;default&#187; hover_enabled=&#187;0&#8243; sticky_enabled=&#187;0&#8243;]<\/p>\n<p class=\"grundstyle\">W\u00e4hrend meiner ersten Schwangerschaft befasste ich mich intensiv mit dem Thema Schwangerschaft, Geburt, Wochenbett und nat\u00fcrlicher S\u00e4uglingspflege.<\/p>\n<p class=\"grundstyle\">Meine Familie l\u00e4sst mich aufbl\u00fchen. Es ist meine Leidenschaft und meine Berufung.<\/p>\n<p class=\"grundstyle\">Ich zeige Dir bequemes tragen.<\/p>\n<p class=\"grundstyle\">Ich f\u00f6rdere das stillen.<\/p>\n<p class=\"grundstyle\">Ich unterst\u00fctze und ermutige Dich und Deinen Partner und lasse Euch an meinen Erfahrungen teilhaben.<\/p>\n<p>[\/et_pb_team_member][\/et_pb_column][\/et_pb_row][\/et_pb_section]<\/p>\n","protected":false},"excerpt":{"rendered":"<p>[et_pb_section fb_built=&#187;1&#8243; _builder_version=&#187;4.7.7&#8243; _module_preset=&#187;default&#187; min_height=&#187;846px&#187; custom_margin=&#187;-50px||||false|false&#187; hover_enabled=&#187;0&#8243; sticky_enabled=&#187;0&#8243; custom_padding=&#187;0px|||||&#187;][et_pb_row _builder_version=&#187;4.7.7&#8243; _module_preset=&#187;default&#187; column_structure=&#187;1_2,1_2&#8243; custom_padding=&#187;0px|||||&#187; custom_margin=&#187;32px|auto||auto||&#187;][et_pb_column _builder_version=&#187;4.7.7&#8243; _module_preset=&#187;default&#187; type=&#187;1_2&#8243;][et_pb_image src=&#187;http:\/\/mamaherz.ch\/wp-content\/uploads\/2021\/01\/5dbc504ec2cf0.jpg&#187; _builder_version=&#187;4.7.7&#8243; _module_preset=&#187;default&#187; title_text=&#187;5dbc504ec2cf0&#8243; hover_enabled=&#187;0&#8243; sticky_enabled=&#187;0&#8243;][\/et_pb_image][\/et_pb_column][et_pb_column _builder_version=&#187;4.7.7&#8243; _module_preset=&#187;default&#187; type=&#187;1_2&#8243;][et_pb_text _builder_version=&#187;4.7.7&#8243; _module_preset=&#187;default&#187; hover_enabled=&#187;0&#8243; sticky_enabled=&#187;0&#8243;][\/et_pb_text][et_pb_team_member name=&#187;Valentina Meier&#187; position=&#187;Mama von 2 M\u00e4dchen,\u00a0 Tagesmutter,\u00a0 Stillbegleiterin DAIS,\u00a0 Trageberaterin der Trageschule Schweiz,\u00a0 Doula in Ausbildung bei Malea lin&#187; _builder_version=&#187;4.7.7&#8243; _module_preset=&#187;default&#187; hover_enabled=&#187;0&#8243; sticky_enabled=&#187;0&#8243;] W\u00e4hrend meiner [&hellip;]<\/p>\n","protected":false},"author":1,"featured_media":0,"parent":0,"menu_order":0,"comment_status":"closed","ping_status":"closed","template":"","meta":{"_et_pb_use_builder":"on","_et_pb_old_content":"","_et_gb_content_width":""},"_links":{"self":[{"href":"https:\/\/mamaherz.ch\/index.php?rest_route=\/wp\/v2\/pages\/10"}],"collection":[{"href":"https:\/\/mamaherz.ch\/index.php?rest_route=\/wp\/v2\/pages"}],"about":[{"href":"https:\/\/mamaherz.ch\/index.php?rest_route=\/wp\/v2\/types\/page"}],"author":[{"embeddable":true,"href":"https:\/\/mamaherz.ch\/index.php?rest_route=\/wp\/v2\/users\/1"}],"replies":[{"embeddable":true,"href":"https:\/\/mamaherz.ch\/index.php?rest_route=%2Fwp%2Fv2%2Fcomments&post=10"}],"version-history":[{"count":3,"href":"https:\/\/mamaherz.ch\/index.php?rest_route=\/wp\/v2\/pages\/10\/revisions"}],"predecessor-version":[{"id":63,"href":"https:\/\/mamaherz.ch\/index.php?rest_route=\/wp\/v2\/pages\/10\/revisions\/63"}],"wp:attachment":[{"href":"https:\/\/mamaherz.ch\/index.php?rest_route=%2Fwp%2Fv2%2Fmedia&parent=10"}],"curies":[{"name":"wp","href":"https:\/\/api.w.org\/{rel}","templated":true}]}}