{"id":12,"date":"2020-12-06T07:52:55","date_gmt":"2020-12-06T07:52:55","guid":{"rendered":"http:\/\/mamaherz.ch\/?page_id=12"},"modified":"2023-04-18T15:11:32","modified_gmt":"2023-04-18T15:11:32","slug":"stillbegleitung","status":"publish","type":"page","link":"https:\/\/mamaherz.ch\/?page_id=12","title":{"rendered":"Stillbegleitung"},"content":{"rendered":"<p>[et_pb_section fb_built=&#187;1&#8243; admin_label=&#187;Page Title Section&#187; _builder_version=&#187;4.7.7&#8243; use_background_color_gradient=&#187;on&#187; background_color_gradient_start=&#187;#313e47&#8243; background_color_gradient_end=&#187;rgba(49,62,71,0.5)&#187; background_color_gradient_overlays_image=&#187;on&#187; background_image=&#187;http:\/\/mamaherz.ch\/wp-content\/uploads\/2021\/01\/pexels-mateusz-dach-4519299-scaled.jpg&#187; custom_padding=&#187;120px||120px|&#187; saved_tabs=&#187;all&#187;][et_pb_row admin_label=&#187;Page Title Area&#187; _builder_version=&#187;3.25&#8243; background_size=&#187;initial&#187; background_position=&#187;top_left&#187; background_repeat=&#187;repeat&#187;][et_pb_column type=&#187;4_4&#8243; _builder_version=&#187;3.25&#8243; custom_padding=&#187;|||&#187; custom_padding__hover=&#187;|||&#187;][et_pb_text admin_label=&#187;Page Title&#187; _builder_version=&#187;4.7.7&#8243; text_font=&#187;||||||||&#187; text_text_color=&#187;#ffffff&#187; text_font_size=&#187;18px&#187; text_line_height=&#187;2em&#187; header_font=&#187;Prata||||||||&#187; header_text_color=&#187;#8ca3d1&#8243; header_font_size=&#187;60px&#187; header_line_height=&#187;1.6em&#187; text_orientation=&#187;center&#187; background_layout=&#187;dark&#187; max_width=&#187;700px&#187; module_alignment=&#187;center&#187; custom_margin=&#187;||10px|&#187; animation_style=&#187;fade&#187; header_font_size_tablet=&#187;40px&#187; header_font_size_phone=&#187;35px&#187; header_font_size_last_edited=&#187;on|desktop&#187;]<\/p>\n<h1><span style=\"letter-spacing: 0px;\">Stillbegleitung<\/span><\/h1>\n<h1><\/h1>\n<p>[\/et_pb_text][\/et_pb_column][\/et_pb_row][\/et_pb_section][et_pb_section fb_built=&#187;1&#8243; admin_label=&#187;Project Section 01&#8243; _builder_version=&#187;4.7.7&#8243; custom_padding=&#187;|||&#187; border_color_all=&#187;#5e33ee&#187; border_width_left=&#187;1vw&#187; saved_tabs=&#187;all&#187;][et_pb_row admin_label=&#187;Project Area 01&#8243; module_class=&#187; et_pb_row_fullwidth&#187; _builder_version=&#187;4.7.7&#8243; width=&#187;89%&#187; width_tablet=&#187;80%&#187; width_phone=&#187;&#187; width_last_edited=&#187;on|desktop&#187; max_width=&#187;89%&#187; max_width_tablet=&#187;80%&#187; max_width_phone=&#187;&#187; max_width_last_edited=&#187;on|desktop&#187; custom_padding=&#187;29px||0px|||&#187; border_color_all=&#187; #5e33ee&#187; make_fullwidth=&#187;on&#187;][et_pb_column type=&#187;4_4&#8243; _builder_version=&#187;3.25&#8243; custom_padding=&#187;|||&#187; custom_padding__hover=&#187;|||&#187;][et_pb_text _builder_version=&#187;3.27.4&#8243; text_font=&#187;||||||||&#187; text_line_height=&#187;2em&#187; animation_style=&#187;fade&#187;]<\/p>\n<p><span>Stillen ist die nat\u00fcrlichste Art ein S\u00e4ugling zu ern\u00e4hren. Stillen ist etwas wunderbares &#8211; Grunds\u00e4tzlich &#8211; jedoch gibt es auch diverse Schwierigkeiten, Hindernisse oder Fragen.\u00a0<\/span><\/p>\n<p>[\/et_pb_text][et_pb_text _builder_version=&#187;3.27.4&#8243; text_font=&#187;||||||||&#187; text_line_height=&#187;2em&#187; animation_style=&#187;fade&#187;]<\/p>\n<ul>\n<li>Zu viel oder zu wenig Milch<\/li>\n<li><span>Schmerzende Brust \/ w<\/span>unde Brustwarzen<\/li>\n<li>Milchstau<\/li>\n<li><span>Stillstreik<\/span><\/li>\n<li>Schlechte Gewichtszunahme<\/li>\n<li>N\u00e4chtliches Abstillen \/ Abstillen<\/li>\n<li>Stillen von Zwillingen<\/li>\n<li>Beikost einf\u00fchren etc.<\/li>\n<\/ul>\n<p>\u00a0<span style=\"font-size: 16px; letter-spacing: 0px;\">Brauchst Du Unterst\u00fctzung? Ich begleite Dich gerne einf\u00fchlsam und unterst\u00fctze Dich auf Deinem Weg.\u00a0<\/span><\/p>\n<p>[\/et_pb_text][\/et_pb_column][\/et_pb_row][\/et_pb_section][et_pb_section fb_built=&#187;1&#8243; admin_label=&#187;Project Section 01&#8243; _builder_version=&#187;4.7.7&#8243; background_color=&#187;#f7f7f7&#8243; custom_padding=&#187;|||&#187; border_color_all=&#187;#d11435&#8243; border_width_right=&#187;1vw&#187; border_width_left=&#187;0vw&#187; saved_tabs=&#187;all&#187;][et_pb_row column_structure=&#187;1_2,1_2&#8243; admin_label=&#187;Project Area 01&#8243; module_class=&#187; et_pb_row_fullwidth&#187; _builder_version=&#187;3.25&#8243; width=&#187;89%&#187; width_tablet=&#187;80%&#187; width_phone=&#187;&#187; width_last_edited=&#187;on|desktop&#187; max_width=&#187;89%&#187; max_width_tablet=&#187;80%&#187; max_width_phone=&#187;&#187; max_width_last_edited=&#187;on|desktop&#187; make_fullwidth=&#187;on&#187;][et_pb_column type=&#187;1_2&#8243; _builder_version=&#187;3.25&#8243; custom_padding=&#187;|||&#187; custom_padding__hover=&#187;|||&#187;][et_pb_text admin_label=&#187;Title&#187; _builder_version=&#187;3.27.4&#8243; text_font=&#187;||||||||&#187; header_font=&#187;||||||||&#187; header_2_font=&#187;Prata||||||||&#187; header_2_font_size=&#187;36px&#187; header_2_line_height=&#187;1.6em&#187; custom_margin=&#187;||10px|&#187; animation_style=&#187;slide&#187; animation_direction=&#187;top&#187; animation_intensity_slide=&#187;5%&#187; animation_starting_opacity=&#187;100%&#187;]<\/p>\n<h2>Preise<\/h2>\n<p>[\/et_pb_text][et_pb_divider color=&#187;#baaaed&#187; divider_position=&#187;center&#187; divider_weight=&#187;3px&#187; _builder_version=&#187;4.7.7&#8243; max_width=&#187;70px&#187; animation_style=&#187;slide&#187; animation_direction=&#187;top&#187; animation_intensity_slide=&#187;10%&#187; animation_starting_opacity=&#187;100%&#187;][\/et_pb_divider][et_pb_text _builder_version=&#187;3.27.4&#8243; text_font=&#187;||||||||&#187; text_line_height=&#187;2em&#187; custom_padding=&#187;||0px|||&#187; animation_style=&#187;fade&#187;]<\/p>\n<p class=\"grundstyle\">Besuche bei Dir zu Hause kosten<b>\u00a065.- CHF<\/b><span>\u00a0<\/span>pro Stunde\u00a0<\/p>\n<p class=\"grundstyle\">Grundgeb\u00fcr<span>\u00a0<\/span><b>15.-<span>\u00a0<\/span><\/b>\u00a0f\u00fcr Dokumentation Nachbetreuung\u00a0\u00a0<\/p>\n<p class=\"grundstyle\">Wegpauschale bis 30 KM<span>\u00a0<\/span><b>20.- CHF<\/b><\/p>\n<p class=\"grundstyle\">\n<p class=\"grundstyle\">Die Betreuung per E-Mail\/Telefon kostet<span>\u00a0<\/span><b>60.- CHF<\/b><span>\u00a0<\/span>pro Stunde (Vorgespr\u00e4ch\/Gewichtsverlauf\/evtl. Massnahmenplan anpassen)<\/p>\n<p>[\/et_pb_text][\/et_pb_column][et_pb_column type=&#187;1_2&#8243; _builder_version=&#187;3.25&#8243; custom_padding=&#187;|||&#187; custom_padding__hover=&#187;|||&#187;][et_pb_text admin_label=&#187;Title&#187; _builder_version=&#187;3.27.4&#8243; text_font=&#187;||||||||&#187; header_font=&#187;||||||||&#187; header_2_font=&#187;Prata||||||||&#187; header_2_font_size=&#187;36px&#187; header_2_line_height=&#187;1.6em&#187; custom_margin=&#187;||10px|&#187; animation_style=&#187;slide&#187; animation_direction=&#187;top&#187; animation_intensity_slide=&#187;5%&#187; animation_starting_opacity=&#187;100%&#187; locked=&#187;off&#187;]<\/p>\n<h2>Bedingungen<\/h2>\n<p>[\/et_pb_text][et_pb_divider color=&#187;#baaaed&#187; divider_position=&#187;center&#187; divider_weight=&#187;3px&#187; _builder_version=&#187;4.7.7&#8243; max_width=&#187;70px&#187; animation_style=&#187;slide&#187; animation_direction=&#187;top&#187; animation_intensity_slide=&#187;10%&#187; animation_starting_opacity=&#187;100%&#187;][\/et_pb_divider][et_pb_text _builder_version=&#187;4.7.7&#8243; text_font=&#187;||||||||&#187; text_line_height=&#187;2em&#187; animation_style=&#187;fade&#187; locked=&#187;off&#187;]<\/p>\n<p><span>Absagen m\u00fcssen\u00a0<\/span><span>12h<\/span><span>\u00a0im Voraus erfolgen. Kann kein Verschiebedatum gefunden werden, wird eine Aufwandsentsch\u00e4digung von<\/span><span>\u00a020.- CHF<\/span><span>\u00a0verrechnet.<\/span><\/p>\n<p>[\/et_pb_text][\/et_pb_column][\/et_pb_row][\/et_pb_section][et_pb_section fb_built=&#187;1&#8243; admin_label=&#187;Request Appoinment Section&#187; _builder_version=&#187;4.7.7&#8243; background_image=&#187;http:\/\/mamaherz.ch\/wp-content\/uploads\/2021\/01\/pexels-anna-urlapova-2957058-scaled.jpg&#187; parallax=&#187;on&#187; custom_padding=&#187;180px||0px|&#187; border_color_all=&#187;#5e33ee&#187; border_width_right=&#187;0vw&#187; global_module=&#187;74&#8243; saved_tabs=&#187;all&#187;][et_pb_row admin_label=&#187;Request Appoinment Area&#187; _builder_version=&#187;3.25&#8243; custom_padding=&#187;0px|0px|0px|0px&#187; box_shadow_style=&#187;preset2&#8243; box_shadow_horizontal=&#187;0px&#187; box_shadow_vertical=&#187;-15px&#187; box_shadow_blur=&#187;60px&#187; box_shadow_color=&#187;rgba(29,61,71,0.2)&#187;][et_pb_column type=&#187;4_4&#8243; _builder_version=&#187;3.25&#8243; custom_padding=&#187;|||&#187; custom_padding__hover=&#187;|||&#187;][et_pb_contact_form use_spam_service=&#187;on&#187; recaptcha_list=&#187;mamaherz|mamaherz-0&#8243; email=&#187;info@mamaherz.ch&#187; title=&#187;Melde dich f\u00fcr einen Termin&#187; success_message=&#187;Danke f\u00fcr deine Nachricht &#8211; ich melde mich schnellstm\u00f6glich bei dir!&#187; submit_button_text=&#187;Senden&#187; module_id=&#187;et_pb_contact_form_0&#8243; _builder_version=&#187;4.7.7&#8243; form_field_background_color=&#187;rgba(0,0,0,0)&#187; title_level=&#187;h2&#8243; title_font=&#187;Prata||||||||&#187; title_font_size=&#187;40px&#187; title_line_height=&#187;1.6em&#187; form_field_font=&#187;||||||||&#187; form_field_font_size=&#187;16px&#187; background_color=&#187;rgba(255,255,255,0.95)&#187; custom_button=&#187;on&#187; button_text_size=&#187;14px&#187; button_text_color=&#187;#ffffff&#187; button_bg_color=&#187;#8ca3d1&#8243; button_border_width=&#187;12px&#187; button_border_color=&#187;#8ca3d1&#8243; button_border_radius=&#187;0px&#187; button_letter_spacing=&#187;4px&#187; button_font=&#187;|700||on|||||&#187; button_icon=&#187;%%3%%&#187; custom_margin=&#187;|||&#187; custom_padding=&#187;50px|60px|80px|60px&#187; animation_direction=&#187;right&#187; border_width_all=&#187;1px&#187; border_color_all=&#187;rgba(0,0,0,0.12)&#187; border_style_all=&#187;solid&#187; use_border_color=&#187;on&#187; border_color=&#187;rgba(0,0,0,0.12)&#187; form_background_color=&#187;rgba(0,0,0,0)&#187;][et_pb_contact_field field_id=&#187;Name&#187; field_title=&#187;Name&#187; _builder_version=&#187;3.16&#8243; button_text_size__hover_enabled=&#187;off&#187; button_one_text_size__hover_enabled=&#187;off&#187; button_two_text_size__hover_enabled=&#187;off&#187; button_text_color__hover_enabled=&#187;off&#187; button_one_text_color__hover_enabled=&#187;off&#187; button_two_text_color__hover_enabled=&#187;off&#187; button_border_width__hover_enabled=&#187;off&#187; button_one_border_width__hover_enabled=&#187;off&#187; button_two_border_width__hover_enabled=&#187;off&#187; button_border_color__hover_enabled=&#187;off&#187; button_one_border_color__hover_enabled=&#187;off&#187; button_two_border_color__hover_enabled=&#187;off&#187; button_border_radius__hover_enabled=&#187;off&#187; button_one_border_radius__hover_enabled=&#187;off&#187; button_two_border_radius__hover_enabled=&#187;off&#187; button_letter_spacing__hover_enabled=&#187;off&#187; button_one_letter_spacing__hover_enabled=&#187;off&#187; button_two_letter_spacing__hover_enabled=&#187;off&#187; button_bg_color__hover_enabled=&#187;off&#187; button_one_bg_color__hover_enabled=&#187;off&#187; button_two_bg_color__hover_enabled=&#187;off&#187;][\/et_pb_contact_field][et_pb_contact_field field_id=&#187;Email&#187; field_title=&#187;Email Address&#187; field_type=&#187;email&#187; _builder_version=&#187;3.16&#8243; button_text_size__hover_enabled=&#187;off&#187; button_one_text_size__hover_enabled=&#187;off&#187; button_two_text_size__hover_enabled=&#187;off&#187; button_text_color__hover_enabled=&#187;off&#187; button_one_text_color__hover_enabled=&#187;off&#187; button_two_text_color__hover_enabled=&#187;off&#187; button_border_width__hover_enabled=&#187;off&#187; button_one_border_width__hover_enabled=&#187;off&#187; button_two_border_width__hover_enabled=&#187;off&#187; button_border_color__hover_enabled=&#187;off&#187; button_one_border_color__hover_enabled=&#187;off&#187; button_two_border_color__hover_enabled=&#187;off&#187; button_border_radius__hover_enabled=&#187;off&#187; button_one_border_radius__hover_enabled=&#187;off&#187; button_two_border_radius__hover_enabled=&#187;off&#187; button_letter_spacing__hover_enabled=&#187;off&#187; button_one_letter_spacing__hover_enabled=&#187;off&#187; button_two_letter_spacing__hover_enabled=&#187;off&#187; button_bg_color__hover_enabled=&#187;off&#187; button_one_bg_color__hover_enabled=&#187;off&#187; button_two_bg_color__hover_enabled=&#187;off&#187;][\/et_pb_contact_field][et_pb_contact_field field_id=&#187;Message&#187; field_title=&#187;Message&#187; field_type=&#187;text&#187; fullwidth_field=&#187;on&#187; _builder_version=&#187;3.16&#8243; button_text_size__hover_enabled=&#187;off&#187; button_one_text_size__hover_enabled=&#187;off&#187; button_two_text_size__hover_enabled=&#187;off&#187; button_text_color__hover_enabled=&#187;off&#187; button_one_text_color__hover_enabled=&#187;off&#187; button_two_text_color__hover_enabled=&#187;off&#187; button_border_width__hover_enabled=&#187;off&#187; button_one_border_width__hover_enabled=&#187;off&#187; button_two_border_width__hover_enabled=&#187;off&#187; button_border_color__hover_enabled=&#187;off&#187; button_one_border_color__hover_enabled=&#187;off&#187; button_two_border_color__hover_enabled=&#187;off&#187; button_border_radius__hover_enabled=&#187;off&#187; button_one_border_radius__hover_enabled=&#187;off&#187; button_two_border_radius__hover_enabled=&#187;off&#187; button_letter_spacing__hover_enabled=&#187;off&#187; button_one_letter_spacing__hover_enabled=&#187;off&#187; button_two_letter_spacing__hover_enabled=&#187;off&#187; button_bg_color__hover_enabled=&#187;off&#187; button_one_bg_color__hover_enabled=&#187;off&#187; button_two_bg_color__hover_enabled=&#187;off&#187;][\/et_pb_contact_field][\/et_pb_contact_form][\/et_pb_column][\/et_pb_row][\/et_pb_section]<\/p>\n","protected":false},"excerpt":{"rendered":"<p>[et_pb_section fb_built=&#187;1&#8243; admin_label=&#187;Page Title Section&#187; _builder_version=&#187;4.7.7&#8243; use_background_color_gradient=&#187;on&#187; background_color_gradient_start=&#187;#313e47&#8243; background_color_gradient_end=&#187;rgba(49,62,71,0.5)&#187; background_color_gradient_overlays_image=&#187;on&#187; background_image=&#187;http:\/\/mamaherz.ch\/wp-content\/uploads\/2021\/01\/pexels-mateusz-dach-4519299-scaled.jpg&#187; custom_padding=&#187;120px||120px|&#187; saved_tabs=&#187;all&#187;][et_pb_row admin_label=&#187;Page Title Area&#187; _builder_version=&#187;3.25&#8243; background_size=&#187;initial&#187; background_position=&#187;top_left&#187; background_repeat=&#187;repeat&#187;][et_pb_column type=&#187;4_4&#8243; _builder_version=&#187;3.25&#8243; custom_padding=&#187;|||&#187; custom_padding__hover=&#187;|||&#187;][et_pb_text admin_label=&#187;Page Title&#187; _builder_version=&#187;4.7.7&#8243; text_font=&#187;||||||||&#187; text_text_color=&#187;#ffffff&#187; text_font_size=&#187;18px&#187; text_line_height=&#187;2em&#187; header_font=&#187;Prata||||||||&#187; header_text_color=&#187;#8ca3d1&#8243; header_font_size=&#187;60px&#187; header_line_height=&#187;1.6em&#187; text_orientation=&#187;center&#187; background_layout=&#187;dark&#187; max_width=&#187;700px&#187; module_alignment=&#187;center&#187; custom_margin=&#187;||10px|&#187; animation_style=&#187;fade&#187; header_font_size_tablet=&#187;40px&#187; header_font_size_phone=&#187;35px&#187; header_font_size_last_edited=&#187;on|desktop&#187;] Stillbegleitung [\/et_pb_text][\/et_pb_column][\/et_pb_row][\/et_pb_section][et_pb_section fb_built=&#187;1&#8243; admin_label=&#187;Project Section 01&#8243; _builder_version=&#187;4.7.7&#8243; custom_padding=&#187;|||&#187; border_color_all=&#187;#5e33ee&#187; border_width_left=&#187;1vw&#187; saved_tabs=&#187;all&#187;][et_pb_row [&hellip;]<\/p>\n","protected":false},"author":1,"featured_media":0,"parent":0,"menu_order":0,"comment_status":"closed","ping_status":"closed","template":"","meta":{"_et_pb_use_builder":"on","_et_pb_old_content":"","_et_gb_content_width":""},"_links":{"self":[{"href":"https:\/\/mamaherz.ch\/index.php?rest_route=\/wp\/v2\/pages\/12"}],"collection":[{"href":"https:\/\/mamaherz.ch\/index.php?rest_route=\/wp\/v2\/pages"}],"about":[{"href":"https:\/\/mamaherz.ch\/index.php?rest_route=\/wp\/v2\/types\/page"}],"author":[{"embeddable":true,"href":"https:\/\/mamaherz.ch\/index.php?rest_route=\/wp\/v2\/users\/1"}],"replies":[{"embeddable":true,"href":"https:\/\/mamaherz.ch\/index.php?rest_route=%2Fwp%2Fv2%2Fcomments&post=12"}],"version-history":[{"count":12,"href":"https:\/\/mamaherz.ch\/index.php?rest_route=\/wp\/v2\/pages\/12\/revisions"}],"predecessor-version":[{"id":168,"href":"https:\/\/mamaherz.ch\/index.php?rest_route=\/wp\/v2\/pages\/12\/revisions\/168"}],"wp:attachment":[{"href":"https:\/\/mamaherz.ch\/index.php?rest_route=%2Fwp%2Fv2%2Fmedia&parent=12"}],"curies":[{"name":"wp","href":"https:\/\/api.w.org\/{rel}","templated":true}]}}